{"id":85,"date":"2024-12-15T12:51:29","date_gmt":"2024-12-15T12:51:29","guid":{"rendered":"https:\/\/abdelrahmanalbik.com\/?page_id=85"},"modified":"2024-12-16T16:24:50","modified_gmt":"2024-12-16T16:24:50","slug":"impressum","status":"publish","type":"page","link":"https:\/\/abdelrahmanalbik.com\/ar\/impressum\/","title":{"rendered":"Impressum"},"content":{"rendered":"<div class=\"wp-block-group alignfull has-background-background-color has-background has-global-padding is-layout-constrained wp-container-core-group-is-layout-7276a2bb wp-block-group-is-layout-constrained\" style=\"margin-top:0;margin-bottom:0;padding-top:var(--wp--preset--spacing--60);padding-right:var(--wp--preset--spacing--30);padding-bottom:var(--wp--preset--spacing--60);padding-left:var(--wp--preset--spacing--30)\">\n<h1 class=\"wp-block-heading has-text-align-center has-large-font-size\">Impressum<\/h1>\n<\/div>\n\n\n\n<p>Angaben gem\u00e4\u00df \u00a7 5 E-Commerce-Gesetz (ECG), \u00a7 14 Unternehmensgesetzbuch (UGB) und \u00a7 25 Mediengesetz (MedienG):&nbsp;<\/p>\n\n\n\n<p>Medieninhaber und Betreiber der Website:&nbsp;<\/p>\n\n\n\n<p><strong>\u0639\u0628\u062f \u0627\u0644\u0631\u062d\u0645\u0646 \u0627\u0644\u0628\u064a\u0643<\/strong>\u00a0<\/p>\n\n\n\n<p>Allgemein beeideter und gerichtlich zertifizierter Dolmetscher (Deutsch \u2194 Arabisch)&nbsp;<\/p>\n\n\n\n<p><strong>Anschrift:\u00a0<\/strong><\/p>\n\n\n\n<p>Schauensteingasse 4\/4&nbsp;<\/p>\n\n\n\n<p>8010 Graz&nbsp;<\/p>\n\n\n\n<p>\u00d6sterreich&nbsp;<\/p>\n\n\n\n<p><strong>Kontakt:\u00a0<\/strong><\/p>\n\n\n\n<p><strong>Telefon:<\/strong> +43 68184313190\u00a0<\/p>\n\n\n\n<p><strong>E-Mail:<\/strong> abdel.albik@gmail.com\u00a0<\/p>\n\n\n\n<p><strong>Website:<\/strong> abdelrahmanalbik.com\u00a0<\/p>\n\n\n\n<p><strong>Rechtsform:\u00a0<\/strong><\/p>\n\n\n\n<p>Einzelunternehmen&nbsp;<\/p>\n\n\n\n<p><strong>Berufsbezeichnung:\u00a0<\/strong><\/p>\n\n\n\n<p>Allgemein beeideter und gerichtlich zertifizierter Dolmetscher&nbsp;<br>&nbsp;<br>verliehen in: \u00d6sterreich&nbsp;<br>&nbsp;<\/p>\n\n\n\n<p><strong>Kammerzugeh\u00f6rigkeit:\u00a0<\/strong><\/p>\n\n\n\n<p>Wirtschaftskammer \u00d6sterreich (WKO), Fachgruppe Sprachdienstleistungen<\/p>\n\n\n\n<p>\u00a0<\/p>\n\n\n\n<p><strong>Gewerbeordnung:\u00a0<\/strong><\/p>\n\n\n\n<p>Die T\u00e4tigkeit unterliegt der Gewerbeordnung, abrufbar unter <a href=\"https:\/\/www.ris.bka.gv.at\" target=\"_blank\" rel=\"noopener\" title=\"https:\/\/www.ris.bka.gv.at.\u00a0\">https:\/\/www.ris.bka.gv.at.\u00a0<\/a><\/p>\n\n\n\n<p><\/p>\n\n\n\n<p><strong>Haftungsausschluss:\u00a0<\/strong><\/p>\n\n\n\n<p>Alle Inhalte dieser Website wurden mit gr\u00f6\u00dfter Sorgfalt erstellt. F\u00fcr die Richtigkeit, Vollst\u00e4ndigkeit und Aktualit\u00e4t der Inhalte k\u00f6nnen wir jedoch keine Gew\u00e4hr \u00fcbernehmen.&nbsp;<\/p>\n\n\n\n<p><\/p>\n\n\n\n<p><strong>Externe Links:\u00a0<\/strong><\/p>\n\n\n\n<p>Diese Website enth\u00e4lt Links zu externen Websites, auf deren Inhalte wir keinen Einfluss haben. Deshalb k\u00f6nnen wir f\u00fcr diese fremden Inhalte keine Haftung \u00fcbernehmen. F\u00fcr die Inhalte der verlinkten Seiten ist stets der jeweilige Anbieter oder Betreiber verantwortlich.&nbsp;<\/p>\n\n\n\n<p><\/p>\n\n\n\n<p><strong>Urheberrecht:\u00a0<\/strong><\/p>\n\n\n\n<p>Die Inhalte und Werke auf dieser Website unterliegen dem Urheberrecht. Jede Vervielf\u00e4ltigung, Bearbeitung, Verbreitung oder jede andere Art der Verwertung au\u00dferhalb der Grenzen des Urheberrechts bedarf der schriftlichen Zustimmung des jeweiligen Autors.&nbsp;<\/p>\n\n\n\n<p><\/p>\n\n\n\n<p><strong>Online-Streitbeilegung:<\/strong>\u00a0<\/p>\n\n\n\n<p>Verbraucher haben die M\u00f6glichkeit, Beschwerden an die Online-Streitbeilegungsplattform der EU zu richten: https:\/\/ec.europa.eu\/odr. Sie k\u00f6nnen Beschwerden auch direkt an die oben angegebene E-Mail-Adresse richten.\u00a0<\/p>\n\n\n\n<p><\/p>","protected":false},"excerpt":{"rendered":"<p>Impressum Angaben gem\u00e4\u00df \u00a7 5 E-Commerce-Gesetz (ECG), \u00a7 14 Unternehmensgesetzbuch (UGB) und \u00a7 25 Mediengesetz (MedienG):&nbsp; Medieninhaber und Betreiber der Website:&nbsp; Abdelrahman Albik\u00a0 Allgemein beeideter und gerichtlich zertifizierter Dolmetscher (Deutsch \u2194 Arabisch)&nbsp; Anschrift:\u00a0 Schauensteingasse 4\/4&nbsp; 8010 Graz&nbsp; \u00d6sterreich&nbsp; Kontakt:\u00a0 Telefon: +43 68184313190\u00a0 E-Mail: abdel.albik@gmail.com\u00a0 Website: abdelrahmanalbik.com\u00a0 Rechtsform:\u00a0 Einzelunternehmen&nbsp; Berufsbezeichnung:\u00a0 Allgemein beeideter und gerichtlich zertifizierter Dolmetscher&nbsp;&nbsp;verliehen [&hellip;]<\/p>\n","protected":false},"author":1,"featured_media":0,"parent":0,"menu_order":0,"comment_status":"closed","ping_status":"closed","template":"","meta":{"om_disable_all_campaigns":false,"_monsterinsights_skip_tracking":false,"_monsterinsights_sitenote_active":false,"_monsterinsights_sitenote_note":"","_monsterinsights_sitenote_category":0,"footnotes":""},"class_list":["post-85","page","type-page","status-publish","hentry"],"aioseo_notices":[],"_links":{"self":[{"href":"https:\/\/abdelrahmanalbik.com\/ar\/wp-json\/wp\/v2\/pages\/85","targetHints":{"allow":["GET"]}}],"collection":[{"href":"https:\/\/abdelrahmanalbik.com\/ar\/wp-json\/wp\/v2\/pages"}],"about":[{"href":"https:\/\/abdelrahmanalbik.com\/ar\/wp-json\/wp\/v2\/types\/page"}],"author":[{"embeddable":true,"href":"https:\/\/abdelrahmanalbik.com\/ar\/wp-json\/wp\/v2\/users\/1"}],"replies":[{"embeddable":true,"href":"https:\/\/abdelrahmanalbik.com\/ar\/wp-json\/wp\/v2\/comments?post=85"}],"version-history":[{"count":2,"href":"https:\/\/abdelrahmanalbik.com\/ar\/wp-json\/wp\/v2\/pages\/85\/revisions"}],"predecessor-version":[{"id":103,"href":"https:\/\/abdelrahmanalbik.com\/ar\/wp-json\/wp\/v2\/pages\/85\/revisions\/103"}],"wp:attachment":[{"href":"https:\/\/abdelrahmanalbik.com\/ar\/wp-json\/wp\/v2\/media?parent=85"}],"curies":[{"name":"wp","href":"https:\/\/api.w.org\/{rel}","templated":true}]}}