{"id":9,"date":"2024-11-01T19:22:16","date_gmt":"2024-11-01T19:22:16","guid":{"rendered":"https:\/\/abdelrahmanalbik.com\/start\/"},"modified":"2025-08-16T12:13:49","modified_gmt":"2025-08-16T12:13:49","slug":"start","status":"publish","type":"page","link":"https:\/\/abdelrahmanalbik.com\/ar\/","title":{"rendered":"Start"},"content":{"rendered":"<div class=\"wp-block-group alignfull has-background-background-color has-background has-global-padding is-layout-constrained wp-container-core-group-is-layout-16a12e87 wp-block-group-is-layout-constrained\" style=\"margin-top:0;margin-bottom:0;padding-top:0;padding-right:0;padding-bottom:var(--wp--preset--spacing--30);padding-left:0\">\n<div class=\"wp-block-cover alignfull\" style=\"padding-right:var(--wp--preset--spacing--40);padding-left:var(--wp--preset--spacing--40);min-height:524px;aspect-ratio:unset;\"><img loading=\"lazy\" decoding=\"async\" width=\"1280\" height=\"1280\" class=\"wp-block-cover__image-background wp-image-14\" alt=\"Background\" src=\"https:\/\/abdelrahmanalbik.com\/wp-content\/uploads\/2024\/11\/c39bbbc40b6d1b33e3f80d6bdf9e9dd023d610f3.jpg\" data-object-fit=\"cover\" srcset=\"https:\/\/abdelrahmanalbik.com\/wp-content\/uploads\/2024\/11\/c39bbbc40b6d1b33e3f80d6bdf9e9dd023d610f3.jpg 1280w, https:\/\/abdelrahmanalbik.com\/wp-content\/uploads\/2024\/11\/c39bbbc40b6d1b33e3f80d6bdf9e9dd023d610f3-300x300.jpg 300w, https:\/\/abdelrahmanalbik.com\/wp-content\/uploads\/2024\/11\/c39bbbc40b6d1b33e3f80d6bdf9e9dd023d610f3-1024x1024.jpg 1024w, https:\/\/abdelrahmanalbik.com\/wp-content\/uploads\/2024\/11\/c39bbbc40b6d1b33e3f80d6bdf9e9dd023d610f3-150x150.jpg 150w, https:\/\/abdelrahmanalbik.com\/wp-content\/uploads\/2024\/11\/c39bbbc40b6d1b33e3f80d6bdf9e9dd023d610f3-768x768.jpg 768w\" sizes=\"auto, (max-width: 1280px) 100vw, 1280px\" \/><span aria-hidden=\"true\" class=\"wp-block-cover__background has-black-background-color has-background-dim-60 has-background-dim\"><\/span><div class=\"wp-block-cover__inner-container is-layout-flow wp-block-cover-is-layout-flow\">\n<div class=\"wp-block-group has-global-padding is-layout-constrained wp-block-group-is-layout-constrained\" style=\"padding-top:var(--wp--preset--spacing--80);padding-bottom:var(--wp--preset--spacing--80)\">\n<h1 class=\"wp-block-heading alignwide has-text-align-center has-white-color has-text-color\" style=\"margin-top:12px\">\u0639\u0628\u062f \u0627\u0644\u0631\u062d\u0645\u0646 \u0627\u0644\u0628\u064a\u0643<\/h1>\n\n\n\n<h6 class=\"wp-block-heading has-text-align-center has-white-color has-text-color has-small-font-size\">\u0645\u062a\u0631\u062c\u0645 \u0645\u064f\u062d\u0644\u0651\u0641 \u0648\u0645\u0639\u062a\u0645\u062f \u0645\u0646 \u0642\u0628\u0644 \u062c\u0645\u064a\u0639 \u0627\u0644\u0645\u062d\u0627\u0643\u0645 \u0627\u0644\u0646\u0645\u0633\u0627\u0648\u064a\u0629 \u0644\u0644\u063a\u062a\u064a\u0646 \u0627\u0644\u0639\u0631\u0628\u064a\u0629 \u0648\u0627\u0644\u0623\u0644\u0645\u0627\u0646\u064a\u0629&nbsp;<\/h6>\n\n\n\n<div class=\"wp-block-buttons is-content-justification-center is-layout-flex wp-container-core-buttons-is-layout-6e21085f wp-block-buttons-is-layout-flex\" style=\"margin-top:var(--wp--preset--spacing--40)\">\n<div class=\"wp-block-button is-style-fill\"><a class=\"wp-block-button__link has-text-color has-background has-link-color wp-element-button\" href=\"#kontakt\" style=\"color:#111111;background-color:#fcfcfc\">\u0644\u0644\u062a\u0648\u0627\u0635\u0644 \u0645\u0639\u0646\u0627<\/a><\/div>\n<\/div>\n<\/div>\n<\/div><\/div>\n\n\n\n<h2 class=\"wp-block-heading has-text-align-center\">\u0627\u0644\u062e\u062f\u0645\u0627\u062a \u0627\u0644\u0645\u0642\u062f\u0645\u0629<\/h2>\n<\/div>\n\n\n\n<div class=\"wp-block-group alignfull has-tertiary-background-color has-background has-global-padding is-layout-constrained wp-container-core-group-is-layout-7276a2bb wp-block-group-is-layout-constrained\" id=\"referenzen\" style=\"margin-top:0;margin-bottom:0;padding-top:var(--wp--preset--spacing--60);padding-right:var(--wp--preset--spacing--30);padding-bottom:var(--wp--preset--spacing--60);padding-left:var(--wp--preset--spacing--30)\">\n<div class=\"wp-block-columns alignwide is-layout-flex wp-container-core-columns-is-layout-28f84493 wp-block-columns-is-layout-flex\">\n<div class=\"wp-block-column has-background-background-color has-background is-layout-flow wp-block-column-is-layout-flow\" style=\"padding-top:var(--wp--preset--spacing--30);padding-right:var(--wp--preset--spacing--20);padding-bottom:var(--wp--preset--spacing--30);padding-left:var(--wp--preset--spacing--20)\">\n<h3 class=\"wp-block-heading has-text-align-center\" style=\"text-transform:uppercase\">\u0627\u0644\u062a\u0631\u062c\u0645\u0629 \u0627\u0644\u062a\u062d\u0631\u064a\u0631\u064a\u0629<\/h3>\n\n\n\n<ul class=\"wp-block-list\">\n<li>\u0634\u0647\u0627\u062f\u0627\u062a \u0627\u0644\u0645\u064a\u0644\u0627\u062f<\/li>\n\n\n\n<li>\u0631\u062e\u0635 \u0627\u0644\u0642\u064a\u0627\u062f\u0629<\/li>\n\n\n\n<li>\u0628\u0637\u0627\u0642\u0627\u062a \u0627\u0644\u0647\u0648\u064a\u0629<\/li>\n\n\n\n<li>\u0639\u0642\u0648\u062f \u0627\u0644\u0632\u0648\u0627\u062c <\/li>\n\n\n\n<li>\u0634\u0647\u0627\u062f\u0629 \u0627\u0644\u062c\u0646\u0633\u064a\u0629<\/li>\n\n\n\n<li>\u0648\u062b\u0627\u0626\u0642 \u0627\u0644\u0633\u062c\u0644\u0627\u062a \u0627\u0644\u0645\u062f\u0646\u064a\u0629 \u0648\u0627\u0644\u0643\u062b\u064a\u0631 \u0627\u0644\u0643\u062b\u064a\u0631 \u0645\u0646 \u0627\u0644\u0627\u0648\u0631\u0627\u0642 \u0627\u0644\u0631\u0633\u0645\u064a\u0629 \u0627\u0644\u0627\u062e\u0631\u0649<\/li>\n<\/ul>\n<\/div>\n\n\n\n<div class=\"wp-block-column has-background-background-color has-background is-layout-flow wp-block-column-is-layout-flow\" style=\"padding-top:var(--wp--preset--spacing--30);padding-right:var(--wp--preset--spacing--20);padding-bottom:var(--wp--preset--spacing--30);padding-left:var(--wp--preset--spacing--20)\">\n<h3 class=\"wp-block-heading has-text-align-center\" style=\"text-transform:uppercase\">\u0627\u0644\u062a\u0631\u062c\u0645\u0629 \u0627\u0644\u0641\u0648\u0631\u064a\u0629<\/h3>\n\n\n\n<ul class=\"wp-block-list\">\n<li>\u0627\u0644\u0645\u0631\u0627\u0641\u0642\u0629 \u0627\u0644\u0649 \u0627\u062e\u062a\u0628\u0627\u0631\u0627\u062a \u0642\u064a\u0627\u062f\u0629 \u0627\u0644\u0645\u0631\u0643\u0628\u0627\u062a \u0648\u0627\u0644\u0634\u0627\u062d\u0646\u0627\u062a<\/li>\n\n\n\n<li>\u062a\u0631\u062c\u0645\u0629 \u0627\u0644\u0634\u0624\u0648\u0646 \u0627\u0644\u0642\u0627\u0646\u0648\u0646\u064a\u0629: \u0627\u0644\u0645\u0642\u0627\u0628\u0644\u0627\u062a \u0645\u0639 \u0627\u0644\u0645\u062d\u0627\u0645\u064a\u0646 \u0648\u0627\u0644\u0642\u0636\u0627\u064a\u0627 \u0627\u0644\u0623\u062e\u0631\u0649 \u0627\u0644\u0645\u062a\u0639\u0644\u0642\u0629 \u0628\u0627\u0644\u062c\u0647\u0627\u062a \u0627\u0644\u0631\u0633\u0645\u064a\u0629<\/li>\n\n\n\n<li>\u0627\u0644\u062a\u0631\u062c\u0645\u0629 \u0641\u064a \u0627\u0644\u0642\u0637\u0627\u0639 \u0627\u0644\u0635\u062d\u064a: \u062a\u0642\u062f\u064a\u0645 \u0627\u0644\u062f\u0639\u0645 \u0641\u064a \u0627\u0644\u0645\u0633\u062a\u0634\u0641\u064a\u0627\u062a \u0627\u0648 \u0639\u064a\u0627\u062f\u0627\u062a \u0627\u0644\u0627\u0637\u0628\u0627\u0621<\/li>\n\n\n\n<li>\u0627\u0644\u062a\u0631\u062c\u0645\u0629 \u0641\u064a \u0627\u0644\u062f\u0648\u0627\u0626\u0631 \u0627\u0644\u0631\u0633\u0645\u064a\u0629: \u0639\u0644\u0649 \u0633\u0628\u064a\u0644 \u0627\u0644\u0645\u062b\u0627\u0644 \u0641\u064a \u062f\u0648\u0627\u0626\u0631\u0629 \u0627\u0644\u0647\u062c\u0631\u0629 \u0648\u0627\u0644\u0644\u062c\u0648\u0621 \u0648\u062f\u0648\u0627\u0626\u0631 \u0627\u0644\u0634\u0624\u0648\u0646 \u0627\u0644\u0627\u062c\u062a\u0645\u0627\u0639\u064a\u0629<\/li>\n<\/ul>\n<\/div>\n<\/div>\n\n\n\n<p class=\"has-text-align-center\"><strong>\u0627\u0644\u062a\u0633\u0644\u064a\u0645 \u0627\u0644\u0634\u062e\u0635\u064a \u0648\u0627\u0644\u0625\u0631\u0633\u0627\u0644 \u0639\u0628\u0631 \u0627\u0644\u0628\u0631\u064a\u062f<\/strong><br>\u0646\u0648\u0641\u0631 \u0644\u0643\u0645 \u0625\u0645\u0643\u0627\u0646\u064a\u0629 \u062a\u0633\u0644\u064a\u0645 \u0627\u0644\u0645\u0633\u062a\u0646\u062f\u0627\u062a \u0627\u0644\u0645\u0635\u062f\u0651\u0642\u0629 \u0634\u062e\u0635\u064a\u064b\u0627 \u0644\u062f\u064a\u0646\u0627. \u0643\u0645\u0627 \u064a\u0645\u0643\u0646\u0643\u0645 \u0623\u064a\u0636\u064b\u0627 \u0627\u0644\u0627\u0633\u062a\u0641\u0627\u062f\u0629 \u0645\u0646 \u062e\u062f\u0645\u0629 \u0627\u0644\u0625\u0631\u0633\u0627\u0644 \u0639\u0628\u0631 \u0627\u0644\u0628\u0631\u064a\u062f \u2013 \u0628\u0633\u0631\u0639\u0629 \u0648\u0623\u0645\u0627\u0646 \u0648\u0645\u0648\u062b\u0648\u0642\u064a\u0629.<\/p>\n<\/div>\n\n\n\n<div class=\"wp-block-group alignfull has-background-background-color has-background has-global-padding is-layout-constrained wp-container-core-group-is-layout-7276a2bb wp-block-group-is-layout-constrained\" id=\"ueber-uns\" style=\"margin-top:0;margin-bottom:0;padding-top:var(--wp--preset--spacing--60);padding-right:var(--wp--preset--spacing--30);padding-bottom:var(--wp--preset--spacing--60);padding-left:var(--wp--preset--spacing--30)\">\n<h2 class=\"wp-block-heading has-text-align-center\">\u0646\u0628\u0630\u0629 \u0639\u0646\u064a<\/h2>\n\n\n\n<p class=\"has-text-align-center\">\u0627\u0633\u0645\u064a \u0639\u0628\u062f \u0627\u0644\u0631\u062d\u0645\u0646 \u0627\u0644\u0628\u064a\u0643\u060c \u0645\u0646 \u0645\u0648\u0627\u0644\u064a\u062f \u0645\u062f\u064a\u0646\u0629 \u062d\u0644\u0628 \u0627\u0644\u0634\u0647\u0628\u0627\u0621 \u0633\u0648\u0631\u064a\u0627\u060c \u0648\u0623\u062d\u0645\u0644 \u0627\u0644\u062c\u0646\u0633\u064a\u0629 \u0627\u0644\u0646\u0645\u0633\u0627\u0648\u064a\u0629. \u0623\u062f\u0631\u0633 \u062a\u062e\u0635\u0635 \u0627\u0644\u062a\u0631\u062c\u0645\u0629 \u0641\u064a \u0627\u0644\u062c\u0627\u0645\u0639\u0629\u060c \u0648\u0623\u0646\u0627 \u0639\u0644\u0649 \u0648\u0634\u0643 \u0625\u0646\u0647\u0627\u0621 \u062f\u0631\u0627\u0633\u0629 \u0627\u0644\u0645\u0627\u062c\u0633\u062a\u064a\u0631.\u0643\u0627\u0646 \u0627\u0644\u0627\u0647\u062a\u0645\u0627\u0645 \u0628\u0627\u0644\u0623\u0646\u0638\u0645\u0629 \u0627\u0644\u0642\u0636\u0627\u0626\u064a\u0629 \u0648\u0627\u0644\u0644\u063a\u0627\u062a \u0648\u0644\u0627 \u064a\u0632\u0627\u0644 \u0645\u0646 \u0623\u0643\u062b\u0631 \u0627\u0644\u0623\u0645\u0648\u0631 \u0627\u0644\u062a\u064a \u062a\u062d\u0641\u0632\u0646\u064a \u0644\u0627\u062a\u062e\u0627\u0630 \u0627\u0644\u062a\u0631\u062c\u0645\u0629 \u0643\u0645\u0647\u0646\u0629 \u0644\u064a. \u0645\u0646\u0630 \u0627\u062c\u062a\u064a\u0627\u0632\u064a \u0627\u0645\u062a\u062d\u0627\u0646 \u0627\u0644\u062a\u0631\u062c\u0645\u0629 \u0627\u0644\u0639\u0627\u0645 \u0644\u0644\u062d\u0635\u0648\u0644 \u0639\u0644\u0649 \u0644\u0642\u0628 \u0627\u0644\u0645\u062a\u0631\u062c\u0645 \u0627\u0644\u0645\u064f\u062d\u0644\u0651\u0641 \u0648\u0627\u0644\u0645\u0639\u062a\u0645\u062f \u0644\u062f\u0649 \u0627\u0644\u0645\u062d\u0627\u0643\u0645\u060c \u0623\u0635\u0628\u062d\u062a \u0623\u0648\u0638\u0641 \u0634\u063a\u0641\u064a \u0628\u0627\u0644\u0644\u063a\u0629 \u0648\u0627\u0644\u0642\u0627\u0646\u0648\u0646 \u0641\u064a \u0645\u0647\u0646\u062a\u064a. \u0628\u0635\u0641\u062a\u064a \u0645\u062a\u0631\u062c\u0645\u064b\u0627 \u0645\u062d\u0644\u0651\u0641\u064b\u0627\u060c \u0623\u0624\u0645\u0646 \u0623\u0646 \u0627\u0644\u062a\u0631\u062c\u0645\u0629 \u0627\u0644\u062f\u0642\u064a\u0642\u0629 \u062a\u0644\u0639\u0628 \u062f\u0648\u0631\u064b\u0627 \u0645\u062d\u0648\u0631\u064a\u064b\u0627 \u0641\u064a \u062a\u062d\u0642\u064a\u0642 \u0627\u0644\u0639\u062f\u0627\u0644\u0629 \u0648\u062a\u0633\u0647\u064a\u0644 \u0627\u0644\u062a\u0648\u0627\u0635\u0644 \u0628\u064a\u0646 \u0627\u0644\u0623\u0641\u0631\u0627\u062f \u0648\u0627\u0644\u0645\u0624\u0633\u0633\u0627\u062a. \u0643\u0645\u0627 \u0623\u0646\u0646\u064a \u0623\u062d\u0631\u0635 \u062f\u0627\u0626\u0645\u064b\u0627 \u0639\u0644\u0649 \u0645\u0648\u0627\u0643\u0628\u0629 \u0643\u0627\u0641\u0629 \u0627\u0644\u062a\u063a\u064a\u0631\u0627\u062a \u0641\u064a \u0627\u0644\u0645\u062c\u0627\u0644\u064a\u0646 \u0627\u0644\u0642\u0627\u0646\u0648\u0646\u064a \u0648\u0627\u0644\u0644\u063a\u0648\u064a \u0644\u0636\u0645\u0627\u0646 \u062a\u0642\u062f\u064a\u0645 \u062e\u062f\u0645\u0627\u062a \u0639\u0627\u0644\u064a\u0629 \u0627\u0644\u062c\u0648\u062f\u0629 \u0644\u0639\u0645\u0644\u0627\u0626\u064a.<\/p>\n<\/div>\n\n\n\n<div class=\"wp-block-group alignfull has-tertiary-background-color has-background has-global-padding is-layout-constrained wp-container-core-group-is-layout-7276a2bb wp-block-group-is-layout-constrained\" id=\"kontakt\" style=\"margin-top:0;margin-bottom:0;padding-top:var(--wp--preset--spacing--60);padding-right:var(--wp--preset--spacing--30);padding-bottom:var(--wp--preset--spacing--60);padding-left:var(--wp--preset--spacing--30)\">\n<h2 class=\"wp-block-heading has-text-align-center\">\u0644\u0644\u062a\u0648\u0627\u0635\u0644 \u0645\u0639\u0646\u0627<\/h2>\n\n\n\n<div class=\"wp-block-contact-form-7-contact-form-selector\">\n<div class=\"wpcf7 no-js\" id=\"wpcf7-f76-o1\" lang=\"de-DE\" dir=\"ltr\" data-wpcf7-id=\"76\">\n<div class=\"screen-reader-response\"><p role=\"status\" aria-live=\"polite\" aria-atomic=\"true\"><\/p> <ul><\/ul><\/div>\n<form action=\"\/ar\/wp-json\/wp\/v2\/pages\/9#wpcf7-f76-o1\" method=\"post\" class=\"wpcf7-form init\" aria-label=\"Kontaktformular\" enctype=\"multipart\/form-data\" novalidate=\"novalidate\" data-status=\"init\" data-trp-original-action=\"\/ar\/wp-json\/wp\/v2\/pages\/9#wpcf7-f76-o1\">\n<fieldset class=\"hidden-fields-container\"><input type=\"hidden\" name=\"_wpcf7\" value=\"76\" \/><input type=\"hidden\" name=\"_wpcf7_version\" value=\"6.1.5\" \/><input type=\"hidden\" name=\"_wpcf7_locale\" value=\"de_DE\" \/><input type=\"hidden\" name=\"_wpcf7_unit_tag\" value=\"wpcf7-f76-o1\" \/><input type=\"hidden\" name=\"_wpcf7_container_post\" value=\"0\" \/><input type=\"hidden\" name=\"_wpcf7_posted_data_hash\" value=\"\" \/><input type=\"hidden\" name=\"_wpcf7_recaptcha_response\" value=\"\" \/>\n<\/fieldset>\n<p><span class=\"wpcf7-form-control-wrap\" data-name=\"username\"><input size=\"40\" maxlength=\"400\" class=\"wpcf7-form-control wpcf7-text wpcf7-validates-as-required\" autocomplete=\"name\" aria-required=\"true\" aria-invalid=\"false\" placeholder=\"Max Mustermann\" value=\"\" type=\"text\" name=\"username\" \/><\/span><br \/>\n<span class=\"wpcf7-form-control-wrap\" data-name=\"email\"><input size=\"40\" maxlength=\"400\" class=\"wpcf7-form-control wpcf7-email wpcf7-validates-as-required wpcf7-text wpcf7-validates-as-email\" autocomplete=\"email\" aria-required=\"true\" aria-invalid=\"false\" placeholder=\"maxmustermann@website.com\" value=\"\" type=\"email\" name=\"email\" \/><\/span><br \/>\n<span class=\"wpcf7-form-control-wrap\" data-name=\"subject\"><input size=\"40\" maxlength=\"400\" class=\"wpcf7-form-control wpcf7-text wpcf7-validates-as-required\" aria-required=\"true\" aria-invalid=\"false\" value=\"Anfrage\" type=\"text\" name=\"subject\" \/><\/span><br \/>\n<span class=\"wpcf7-form-control-wrap\" data-name=\"file\"><input size=\"40\" class=\"wpcf7-form-control wpcf7-file\" accept=\"image\/*,application\/pdf,application\/msword\" aria-invalid=\"false\" type=\"file\" name=\"file\" \/><\/span><br \/>\n<span class=\"wpcf7-form-control-wrap\" data-name=\"acceptance\"><span class=\"wpcf7-form-control wpcf7-acceptance\"><span class=\"wpcf7-list-item\"><label><input type=\"checkbox\" name=\"acceptance\" value=\"1\" aria-invalid=\"false\" \/><span class=\"wpcf7-list-item-label\">Ich habe die <a href='https:\/\/abdelrahmanalbik.com\/ar\/datenschutzerklaerung\/'>Datenschutzerkl\u00e4rung<\/a> gelesen und bin damit einverstanden!<\/span><\/label><\/span><\/span><\/span><br \/>\n<span class=\"wpcf7-form-control-wrap\" data-name=\"message\"><textarea cols=\"40\" rows=\"10\" maxlength=\"2000\" class=\"wpcf7-form-control wpcf7-textarea wpcf7-validates-as-required\" aria-required=\"true\" aria-invalid=\"false\" placeholder=\"Bitte tragen Sie hier ihre Nachricht ein!\" name=\"message\"><\/textarea><\/span><br \/>\n<input class=\"wpcf7-form-control wpcf7-submit has-spinner\" type=\"submit\" value=\"Senden\" \/>\n<\/p><div class=\"wpcf7-response-output\" aria-hidden=\"true\"><\/div>\n<input type=\"hidden\" name=\"trp-form-language\" value=\"ar\"\/><\/form>\n<\/div>\n<\/div>\n\n\n\n<p>\u064a\u0633\u0639\u062f\u0646\u064a \u0623\u0646 \u0623\u062a\u0644\u0642\u0649 \u0627\u0633\u062a\u0641\u0633\u0627\u0631\u0627\u062a\u0643\u0645 \u0639\u0628\u0631 \u0627\u0644\u0628\u0631\u064a\u062f \u0627\u0644\u0625\u0644\u0643\u062a\u0631\u0648\u0646\u064a\u060c \u0627\u0644\u0648\u0627\u062a\u0633\u0627\u0628\u060c \u0623\u0648 \u0627\u0644\u0645\u0643\u0627\u0644\u0645\u0627\u062a \u0627\u0644\u0647\u0627\u062a\u0641\u064a\u0629. \u0633\u0648\u0627\u0621 \u0643\u0627\u0646 \u0627\u0644\u062a\u0648\u0627\u0635\u0644 \u0643\u062a\u0627\u0628\u064a\u064b\u0627 \u0623\u0648 \u0634\u0641\u0647\u064a\u064b\u0627\u060c \u0623\u0646\u0627 \u062f\u0627\u0626\u0645\u064b\u0627 \u0645\u0633\u062a\u0639\u062f \u0644\u062e\u062f\u0645\u062a\u0643\u0645.<\/p>\n\n\n\n<p>Telefon: +43 681 843 131 90<br>E-Mail: abdel.albik@gmail.com<br>Adresse: Stern\u00e4ckerweg 99C\/1, 8041 Graz<\/p>\n<\/div>\n\n\n\n<p><\/p>","protected":false},"excerpt":{"rendered":"<p>Dienstleistungen \u00fcbersetzungen Dolmetschen Pers\u00f6nliche Abgabe &amp; Versand per PostWir bieten Ihnen die M\u00f6glichkeit, die Unterlagen pers\u00f6nlich bei uns abzugeben. Alternativ k\u00f6nnen Sie auch unseren bequemen Versandservice per Post nutzen \u2013 schnell, sicher und zuverl\u00e4ssig. \u00dcber mich Mein Interesse an verschiedenen Rechtssystemen hat mich immer wieder dazu gef\u00fchrt, juristische \u00dcbersetzungen anzufertigen. Dadurch konnte ich tiefere Einblicke [&hellip;]<\/p>\n","protected":false},"author":1,"featured_media":0,"parent":0,"menu_order":0,"comment_status":"closed","ping_status":"closed","template":"no-title-sticky-header","meta":{"om_disable_all_campaigns":false,"_monsterinsights_skip_tracking":false,"_monsterinsights_sitenote_active":false,"_monsterinsights_sitenote_note":"","_monsterinsights_sitenote_category":0,"footnotes":""},"class_list":["post-9","page","type-page","status-publish","hentry"],"aioseo_notices":[],"_links":{"self":[{"href":"https:\/\/abdelrahmanalbik.com\/ar\/wp-json\/wp\/v2\/pages\/9","targetHints":{"allow":["GET"]}}],"collection":[{"href":"https:\/\/abdelrahmanalbik.com\/ar\/wp-json\/wp\/v2\/pages"}],"about":[{"href":"https:\/\/abdelrahmanalbik.com\/ar\/wp-json\/wp\/v2\/types\/page"}],"author":[{"embeddable":true,"href":"https:\/\/abdelrahmanalbik.com\/ar\/wp-json\/wp\/v2\/users\/1"}],"replies":[{"embeddable":true,"href":"https:\/\/abdelrahmanalbik.com\/ar\/wp-json\/wp\/v2\/comments?post=9"}],"version-history":[{"count":28,"href":"https:\/\/abdelrahmanalbik.com\/ar\/wp-json\/wp\/v2\/pages\/9\/revisions"}],"predecessor-version":[{"id":167,"href":"https:\/\/abdelrahmanalbik.com\/ar\/wp-json\/wp\/v2\/pages\/9\/revisions\/167"}],"wp:attachment":[{"href":"https:\/\/abdelrahmanalbik.com\/ar\/wp-json\/wp\/v2\/media?parent=9"}],"curies":[{"name":"wp","href":"https:\/\/api.w.org\/{rel}","templated":true}]}}